{"id":10,"date":"2025-08-06T11:05:24","date_gmt":"2025-08-06T08:05:24","guid":{"rendered":"https:\/\/alburadan.com\/index.php\/cart\/"},"modified":"2025-09-13T15:10:50","modified_gmt":"2025-09-13T12:10:50","slug":"kartlar","status":"publish","type":"page","link":"https:\/\/alburadan.com\/index.php\/kartlar\/","title":{"rendered":"Kartlar"},"content":{"rendered":"\n<div data-block-name=\"woocommerce\/cart\" class=\"wp-block-woocommerce-cart alignwide is-loading\">\n<div data-block-name=\"woocommerce\/filled-cart-block\" class=\"wp-block-woocommerce-filled-cart-block\">\n<div data-block-name=\"woocommerce\/cart-items-block\" class=\"wp-block-woocommerce-cart-items-block\">\n<div data-block-name=\"woocommerce\/cart-line-items-block\" class=\"wp-block-woocommerce-cart-line-items-block\"><\/div>\n\n\n\n<div data-block-name=\"woocommerce\/cart-cross-sells-block\" class=\"wp-block-woocommerce-cart-cross-sells-block\">\n<h2 class=\"wp-block-heading has-large-font-size\">You may be interested in\u2026<\/h2>\n\n\n\n<div data-block-name=\"woocommerce\/cart-cross-sells-products-block\" class=\"wp-block-woocommerce-cart-cross-sells-products-block\"><\/div>\n<\/div>\n<\/div>\n\n\n\n<div data-block-name=\"woocommerce\/cart-totals-block\" class=\"wp-block-woocommerce-cart-totals-block\">\n<div data-block-name=\"woocommerce\/cart-order-summary-block\" class=\"wp-block-woocommerce-cart-order-summary-block\">\n<div data-block-name=\"woocommerce\/cart-order-summary-heading-block\" class=\"wp-block-woocommerce-cart-order-summary-heading-block\"><\/div><div data-block-name=\"woocommerce\/cart-order-summary-coupon-form-block\" class=\"wp-block-woocommerce-cart-order-summary-coupon-form-block\"><\/div><div data-block-name=\"woocommerce\/cart-order-summary-totals-block\" class=\"wp-block-woocommerce-cart-order-summary-totals-block\">\n<div data-block-name=\"woocommerce\/cart-order-summary-subtotal-block\" class=\"wp-block-woocommerce-cart-order-summary-subtotal-block\"><\/div>\n<div data-block-name=\"woocommerce\/cart-order-summary-discount-block\" class=\"wp-block-woocommerce-cart-order-summary-discount-block\"><\/div>\n<div data-block-name=\"woocommerce\/cart-order-summary-fee-block\" class=\"wp-block-woocommerce-cart-order-summary-fee-block\"><\/div>\n<div data-block-name=\"woocommerce\/cart-order-summary-shipping-block\" class=\"wp-block-woocommerce-cart-order-summary-shipping-block\"><\/div>\n<div data-block-name=\"woocommerce\/cart-order-summary-taxes-block\" class=\"wp-block-woocommerce-cart-order-summary-taxes-block\"><\/div><\/div>\n<\/div>\n\n\n\n<div data-block-name=\"woocommerce\/cart-express-payment-block\" class=\"wp-block-woocommerce-cart-express-payment-block\"><\/div>\n\n\n\n<div data-block-name=\"woocommerce\/proceed-to-checkout-block\" class=\"wp-block-woocommerce-proceed-to-checkout-block\"><\/div>\n\n\n\n<div data-block-name=\"woocommerce\/cart-accepted-payment-methods-block\" class=\"wp-block-woocommerce-cart-accepted-payment-methods-block\"><\/div>\n<\/div>\n<\/div>\n\n\n\n<div data-block-name=\"woocommerce\/empty-cart-block\" class=\"wp-block-woocommerce-empty-cart-block\">\n<h2 class=\"wp-block-heading has-text-align-center with-empty-cart-icon wc-block-cart__empty-cart__title\">Your cart is currently empty!<\/h2>\n\n\n\n<hr class=\"wp-block-separator has-alpha-channel-opacity is-style-dots\"\/>\n\n\n\n<h2 class=\"wp-block-heading has-text-align-center\">New in store<\/h2>\n\n\n<div data-block-name=\"woocommerce\/product-new\" data-columns=\"4\" data-rows=\"1\" class=\"wc-block-grid wp-block-product-new wp-block-woocommerce-product-new wc-block-product-new has-4-columns\"><ul class=\"wc-block-grid__products\"><li class=\"wc-block-grid__product\">\n\t\t\t\t<a href=\"https:\/\/alburadan.com\/index.php\/product\/deneme-urun\/\" class=\"wc-block-grid__product-link\">\n\t\t\t\t\t<div class=\"wc-block-grid__product-onsale\">\n\t\t\t<span aria-hidden=\"true\">\u0130ndirim<\/span>\n\t\t\t<span class=\"screen-reader-text\">\u0130ndirimdeki \u00fcr\u00fcn<\/span>\n\t\t<\/div>\n\t\t\t\t\t<div class=\"wc-block-grid__product-image\"><img decoding=\"async\" width=\"90\" height=\"90\" src=\"https:\/\/alburadan.com\/wp-content\/uploads\/2025\/09\/234234-90x90.jpg\" class=\"attachment-woocommerce_thumbnail size-woocommerce_thumbnail\" alt=\"Deneme \u00dcr\u00fcn\" srcset=\"https:\/\/alburadan.com\/wp-content\/uploads\/2025\/09\/234234-90x90.jpg 90w, https:\/\/alburadan.com\/wp-content\/uploads\/2025\/09\/234234-150x150.jpg 150w, https:\/\/alburadan.com\/wp-content\/uploads\/2025\/09\/234234-450x450.jpg 450w\" sizes=\"(max-width: 90px) 100vw, 90px\"><\/div>\n\t\t\t\t\t<div class=\"wc-block-grid__product-title\">Deneme \u00dcr\u00fcn<\/div>\n\t\t\t\t<\/a>\n\t\t\t\t<div class=\"wc-block-grid__product-price price\"><del aria-hidden=\"true\"><span class=\"woocommerce-Price-amount amount\"><span class=\"woocommerce-Price-currencySymbol\">\u20ba<\/span>\u00a017,00<\/span><\/del> <span class=\"screen-reader-text\">Orijinal fiyat: \u20ba\u00a017,00.<\/span><ins aria-hidden=\"true\"><span class=\"woocommerce-Price-amount amount\"><span class=\"woocommerce-Price-currencySymbol\">\u20ba<\/span>\u00a016,00<\/span><\/ins><span class=\"screen-reader-text\">\u015eu andaki fiyat: \u20ba\u00a016,00.<\/span><\/div>\n\t\t\t\t\n\t\t\t\t<div class=\"wp-block-button wc-block-grid__product-add-to-cart\"><a href=\"\/index.php\/wp-json\/wp\/v2\/pages\/10?add-to-cart=995\" aria-label=\"Sepete ekle: \u201cDeneme \u00dcr\u00fcn\u201d\" data-quantity=\"1\" data-product_id=\"995\" data-product_sku=\"\" data-price=\"16\" rel=\"nofollow\" class=\"wp-block-button__link  add_to_cart_button ajax_add_to_cart\">Sepete Ekle<\/a><\/div><div class=\"tinv-wraper woocommerce tinv-wishlist tinvwl-after-add-to-cart tinvwl-loop-button-wrapper tinvwl-woocommerce_blocks_product_grid_item_html\" data-tinvwl_product_id=\"995\">\r\n\t<div class=\"tinv-wishlist-clear\"><\/div><a role=\"button\" tabindex=\"0\" name=\"istek-listesine-ekle\" aria-label=\"\u0130stek Listesine Ekle\" class=\"tinvwl_add_to_wishlist_button tinvwl-icon-heart  tinvwl-position-after tinvwl-loop\" data-tinv-wl-list=\"[]\" data-tinv-wl-product=\"995\" data-tinv-wl-productvariation=\"0\" data-tinv-wl-productvariations=\"[]\" data-tinv-wl-producttype=\"simple\" data-tinv-wl-action=\"add\"><span class=\"tinvwl_add_to_wishlist-text\">\u0130stek Listesine Ekle<\/span><\/a><div class=\"tinv-wishlist-clear\"><\/div>\t\t<div class=\"tinvwl-tooltip\">\u0130stek Listesine Ekle<\/div>\r\n<\/div>\n\t\t\t<\/li><li class=\"wc-block-grid__product\">\n\t\t\t\t<a href=\"https:\/\/alburadan.com\/index.php\/product\/oral-b-cross-action-elektrikli-dis-fircasi-icin-yedek-baslik-4lu\/\" class=\"wc-block-grid__product-link\">\n\t\t\t\t\t<div class=\"wc-block-grid__product-onsale\">\n\t\t\t<span aria-hidden=\"true\">\u0130ndirim<\/span>\n\t\t\t<span class=\"screen-reader-text\">\u0130ndirimdeki \u00fcr\u00fcn<\/span>\n\t\t<\/div>\n\t\t\t\t\t<div class=\"wc-block-grid__product-image\"><img decoding=\"async\" width=\"90\" height=\"90\" src=\"https:\/\/alburadan.com\/wp-content\/uploads\/2025\/09\/12312312-90x90.png\" class=\"attachment-woocommerce_thumbnail size-woocommerce_thumbnail\" alt=\"Oral-B Cross Action Elektrikli Di\u015f F\u0131r\u00e7as\u0131 \u0130\u00e7in Yedek Ba\u015fl\u0131k 4'l\u00fc\" srcset=\"https:\/\/alburadan.com\/wp-content\/uploads\/2025\/09\/12312312-90x90.png 90w, https:\/\/alburadan.com\/wp-content\/uploads\/2025\/09\/12312312-150x150.png 150w, https:\/\/alburadan.com\/wp-content\/uploads\/2025\/09\/12312312-450x450.png 450w\" sizes=\"(max-width: 90px) 100vw, 90px\"><\/div>\n\t\t\t\t\t<div class=\"wc-block-grid__product-title\">Oral-B Cross Action Elektrikli Di\u015f F\u0131r\u00e7as\u0131 \u0130\u00e7in Yedek Ba\u015fl\u0131k 4&#8217;l\u00fc<\/div>\n\t\t\t\t<\/a>\n\t\t\t\t<div class=\"wc-block-grid__product-price price\"><del aria-hidden=\"true\"><span class=\"woocommerce-Price-amount amount\"><span class=\"woocommerce-Price-currencySymbol\">\u20ba<\/span>\u00a0900,00<\/span><\/del> <span class=\"screen-reader-text\">Orijinal fiyat: \u20ba\u00a0900,00.<\/span><ins aria-hidden=\"true\"><span class=\"woocommerce-Price-amount amount\"><span class=\"woocommerce-Price-currencySymbol\">\u20ba<\/span>\u00a0799,00<\/span><\/ins><span class=\"screen-reader-text\">\u015eu andaki fiyat: \u20ba\u00a0799,00.<\/span><\/div>\n\t\t\t\t\n\t\t\t\t<div class=\"wp-block-button wc-block-grid__product-add-to-cart\"><a href=\"\/index.php\/wp-json\/wp\/v2\/pages\/10?add-to-cart=818\" aria-label=\"Sepete ekle: \u201cOral-B Cross Action Elektrikli Di\u015f F\u0131r\u00e7as\u0131 \u0130\u00e7in Yedek Ba\u015fl\u0131k 4'l\u00fc\u201d\" data-quantity=\"1\" data-product_id=\"818\" data-product_sku=\"\" data-price=\"799\" rel=\"nofollow\" class=\"wp-block-button__link  add_to_cart_button ajax_add_to_cart\">Sepete Ekle<\/a><\/div><div class=\"tinv-wraper woocommerce tinv-wishlist tinvwl-after-add-to-cart tinvwl-loop-button-wrapper tinvwl-woocommerce_blocks_product_grid_item_html\" data-tinvwl_product_id=\"818\">\r\n\t<div class=\"tinv-wishlist-clear\"><\/div><a role=\"button\" tabindex=\"0\" name=\"istek-listesine-ekle\" aria-label=\"\u0130stek Listesine Ekle\" class=\"tinvwl_add_to_wishlist_button tinvwl-icon-heart  tinvwl-position-after tinvwl-loop\" data-tinv-wl-list=\"[]\" data-tinv-wl-product=\"818\" data-tinv-wl-productvariation=\"0\" data-tinv-wl-productvariations=\"[]\" data-tinv-wl-producttype=\"simple\" data-tinv-wl-action=\"add\"><span class=\"tinvwl_add_to_wishlist-text\">\u0130stek Listesine Ekle<\/span><\/a><div class=\"tinv-wishlist-clear\"><\/div>\t\t<div class=\"tinvwl-tooltip\">\u0130stek Listesine Ekle<\/div>\r\n<\/div>\n\t\t\t<\/li><li class=\"wc-block-grid__product\">\n\t\t\t\t<a href=\"https:\/\/alburadan.com\/index.php\/product\/nivea-sun-korumanem-gunes-koruyucu-200-ml-sprey-50-cok-yuksek-4005900253668\/\" class=\"wc-block-grid__product-link\">\n\t\t\t\t\t<div class=\"wc-block-grid__product-onsale\">\n\t\t\t<span aria-hidden=\"true\">\u0130ndirim<\/span>\n\t\t\t<span class=\"screen-reader-text\">\u0130ndirimdeki \u00fcr\u00fcn<\/span>\n\t\t<\/div>\n\t\t\t\t\t<div class=\"wc-block-grid__product-image\"><img decoding=\"async\" width=\"90\" height=\"90\" src=\"https:\/\/alburadan.com\/wp-content\/uploads\/2025\/09\/nva-90x90.png\" class=\"attachment-woocommerce_thumbnail size-woocommerce_thumbnail\" alt=\"Nivea Sun Koruma &amp; Nem G\u00fcne\u015f Koruyucu 200 ml Sprey 50+ \u00c7ok Y\u00fcksek 4005900253668\" srcset=\"https:\/\/alburadan.com\/wp-content\/uploads\/2025\/09\/nva-90x90.png 90w, https:\/\/alburadan.com\/wp-content\/uploads\/2025\/09\/nva-150x150.png 150w, https:\/\/alburadan.com\/wp-content\/uploads\/2025\/09\/nva-450x450.png 450w\" sizes=\"(max-width: 90px) 100vw, 90px\"><\/div>\n\t\t\t\t\t<div class=\"wc-block-grid__product-title\">Nivea Sun Koruma &amp; Nem G\u00fcne\u015f Koruyucu 200 ml Sprey 50+ \u00c7ok Y\u00fcksek 4005900253668<\/div>\n\t\t\t\t<\/a>\n\t\t\t\t<div class=\"wc-block-grid__product-price price\"><del aria-hidden=\"true\"><span class=\"woocommerce-Price-amount amount\"><span class=\"woocommerce-Price-currencySymbol\">\u20ba<\/span>\u00a0757,00<\/span><\/del> <span class=\"screen-reader-text\">Orijinal fiyat: \u20ba\u00a0757,00.<\/span><ins aria-hidden=\"true\"><span class=\"woocommerce-Price-amount amount\"><span class=\"woocommerce-Price-currencySymbol\">\u20ba<\/span>\u00a0750,00<\/span><\/ins><span class=\"screen-reader-text\">\u015eu andaki fiyat: \u20ba\u00a0750,00.<\/span><\/div>\n\t\t\t\t\n\t\t\t\t<div class=\"wp-block-button wc-block-grid__product-add-to-cart\"><a href=\"\/index.php\/wp-json\/wp\/v2\/pages\/10?add-to-cart=749\" aria-label=\"Sepete ekle: \u201cNivea Sun Koruma &amp; Nem G\u00fcne\u015f Koruyucu 200 ml Sprey 50+ \u00c7ok Y\u00fcksek 4005900253668\u201d\" data-quantity=\"1\" data-product_id=\"749\" data-product_sku=\"\" data-price=\"750\" rel=\"nofollow\" class=\"wp-block-button__link  add_to_cart_button ajax_add_to_cart\">Sepete Ekle<\/a><\/div><div class=\"tinv-wraper woocommerce tinv-wishlist tinvwl-after-add-to-cart tinvwl-loop-button-wrapper tinvwl-woocommerce_blocks_product_grid_item_html\" data-tinvwl_product_id=\"749\">\r\n\t<div class=\"tinv-wishlist-clear\"><\/div><a role=\"button\" tabindex=\"0\" name=\"istek-listesine-ekle\" aria-label=\"\u0130stek Listesine Ekle\" class=\"tinvwl_add_to_wishlist_button tinvwl-icon-heart  tinvwl-position-after tinvwl-loop\" data-tinv-wl-list=\"[]\" data-tinv-wl-product=\"749\" data-tinv-wl-productvariation=\"0\" data-tinv-wl-productvariations=\"[]\" data-tinv-wl-producttype=\"simple\" data-tinv-wl-action=\"add\"><span class=\"tinvwl_add_to_wishlist-text\">\u0130stek Listesine Ekle<\/span><\/a><div class=\"tinv-wishlist-clear\"><\/div>\t\t<div class=\"tinvwl-tooltip\">\u0130stek Listesine Ekle<\/div>\r\n<\/div>\n\t\t\t<\/li><li class=\"wc-block-grid__product\">\n\t\t\t\t<a href=\"https:\/\/alburadan.com\/index.php\/product\/listerine-agiz-bakim-suyu-250-ml-advance-white-3574661491714\/\" class=\"wc-block-grid__product-link\">\n\t\t\t\t\t\n\t\t\t\t\t<div class=\"wc-block-grid__product-image\"><img loading=\"lazy\" decoding=\"async\" width=\"90\" height=\"90\" src=\"https:\/\/alburadan.com\/wp-content\/uploads\/2025\/09\/23423-90x90.jpg\" class=\"attachment-woocommerce_thumbnail size-woocommerce_thumbnail\" alt=\"Listerine A\u011f\u0131z Bak\u0131m Suyu 250 ml Advance White 3574661491714\" srcset=\"https:\/\/alburadan.com\/wp-content\/uploads\/2025\/09\/23423-90x90.jpg 90w, https:\/\/alburadan.com\/wp-content\/uploads\/2025\/09\/23423-150x150.jpg 150w, https:\/\/alburadan.com\/wp-content\/uploads\/2025\/09\/23423-450x450.jpg 450w\" sizes=\"(max-width: 90px) 100vw, 90px\"><\/div>\n\t\t\t\t\t<div class=\"wc-block-grid__product-title\">Listerine A\u011f\u0131z Bak\u0131m Suyu 250 ml Advance White 3574661491714<\/div>\n\t\t\t\t<\/a>\n\t\t\t\t<div class=\"wc-block-grid__product-price price\"><span class=\"woocommerce-Price-amount amount\"><span class=\"woocommerce-Price-currencySymbol\">\u20ba<\/span>\u00a0189,00<\/span><\/div>\n\t\t\t\t\n\t\t\t\t<div class=\"wp-block-button wc-block-grid__product-add-to-cart\"><a href=\"\/index.php\/wp-json\/wp\/v2\/pages\/10?add-to-cart=747\" aria-label=\"Sepete ekle: \u201cListerine A\u011f\u0131z Bak\u0131m Suyu 250 ml Advance White 3574661491714\u201d\" data-quantity=\"1\" data-product_id=\"747\" data-product_sku=\"\" data-price=\"189\" rel=\"nofollow\" class=\"wp-block-button__link  add_to_cart_button ajax_add_to_cart\">Sepete Ekle<\/a><\/div><div class=\"tinv-wraper woocommerce tinv-wishlist tinvwl-after-add-to-cart tinvwl-loop-button-wrapper tinvwl-woocommerce_blocks_product_grid_item_html\" data-tinvwl_product_id=\"747\">\r\n\t<div class=\"tinv-wishlist-clear\"><\/div><a role=\"button\" tabindex=\"0\" name=\"istek-listesine-ekle\" aria-label=\"\u0130stek Listesine Ekle\" class=\"tinvwl_add_to_wishlist_button tinvwl-icon-heart  tinvwl-position-after tinvwl-loop\" data-tinv-wl-list=\"[]\" data-tinv-wl-product=\"747\" data-tinv-wl-productvariation=\"0\" data-tinv-wl-productvariations=\"[]\" data-tinv-wl-producttype=\"simple\" data-tinv-wl-action=\"add\"><span class=\"tinvwl_add_to_wishlist-text\">\u0130stek Listesine Ekle<\/span><\/a><div class=\"tinv-wishlist-clear\"><\/div>\t\t<div class=\"tinvwl-tooltip\">\u0130stek Listesine Ekle<\/div>\r\n<\/div>\n\t\t\t<\/li><\/ul><\/div><\/div>\n<\/div>\n","protected":false},"excerpt":{"rendered":"","protected":false},"author":1,"featured_media":0,"parent":0,"menu_order":0,"comment_status":"closed","ping_status":"closed","template":"","meta":{"footnotes":""},"class_list":["post-10","page","type-page","status-publish","hentry"],"jetpack_sharing_enabled":true,"_links":{"self":[{"href":"https:\/\/alburadan.com\/index.php\/wp-json\/wp\/v2\/pages\/10","targetHints":{"allow":["GET"]}}],"collection":[{"href":"https:\/\/alburadan.com\/index.php\/wp-json\/wp\/v2\/pages"}],"about":[{"href":"https:\/\/alburadan.com\/index.php\/wp-json\/wp\/v2\/types\/page"}],"author":[{"embeddable":true,"href":"https:\/\/alburadan.com\/index.php\/wp-json\/wp\/v2\/users\/1"}],"replies":[{"embeddable":true,"href":"https:\/\/alburadan.com\/index.php\/wp-json\/wp\/v2\/comments?post=10"}],"version-history":[{"count":1,"href":"https:\/\/alburadan.com\/index.php\/wp-json\/wp\/v2\/pages\/10\/revisions"}],"predecessor-version":[{"id":688,"href":"https:\/\/alburadan.com\/index.php\/wp-json\/wp\/v2\/pages\/10\/revisions\/688"}],"wp:attachment":[{"href":"https:\/\/alburadan.com\/index.php\/wp-json\/wp\/v2\/media?parent=10"}],"curies":[{"name":"wp","href":"https:\/\/api.w.org\/{rel}","templated":true}]}}